{"id":120,"date":"2016-04-02T22:24:07","date_gmt":"2016-04-02T22:24:07","guid":{"rendered":"http:\/\/solopine.com\/sproutspoon\/?page_id=120"},"modified":"2021-03-02T00:33:15","modified_gmt":"2021-03-02T00:33:15","slug":"recipe-index","status":"publish","type":"page","link":"https:\/\/dpl.pt\/pt-pt\/recipe-index\/","title":{"rendered":"Receitas"},"content":{"rendered":"<h1>\t\t\r\n\t\t\t\t\r\n\t\t\t\t<h4 class=\"index-heading\"><span>Salgados e diversos<\/span>\r\n\t\t\t\t<a href=\"https:\/\/dpl.pt\/pt-pt\/categories\/salgados-e-diversos\/\">View All <i class=\"fa fa-angle-double-right\"><\/i><\/a>\r\n\t\t\t\t<\/h4>\r\n\t\t\t\t\r\n\t\t\t\t\r\n\t\t\t\r\n\t\t\t<ul class=\"sp-grid col4\">\r\n\t\t\t\t\r\n\t\t\t\t\t\r\n\t\t\t<li>\r\n\t\t\t<article id=\"post-1217\" class=\"grid-item post-1217 post type-post status-publish format-standard has-post-thumbnail hentry category-salgados-e-diversos\">\r\n\t\t\t\t\r\n\t\t\t\t\t\t\t\t<div class=\"post-img\">\r\n\t\t\t\t\t\t\t\t\t\t<a href=\"https:\/\/dpl.pt\/pt-pt\/gratin-dauphinois\/\"><img loading=\"lazy\" decoding=\"async\" width=\"350\" height=\"460\" src=\"https:\/\/dpl.pt\/wp-content\/uploads\/2020\/11\/DA69BF77-B72F-44C1-ABA0-BE0C3C061477-350x460.jpeg\" class=\"attachment-sprout_spoon_misc-thumb size-sprout_spoon_misc-thumb wp-post-image\" alt=\"\" \/><\/a>\r\n\t\t\t\t\t\t\t\t\t<\/div>\r\n\t\t\t\t\t\t\t\t\r\n\t\t\t\t<div class=\"post-header\">\r\n\t\t\t\t\t\r\n\t\t\t\t\t\t\t\t\t\t\r\n\t\t\t\t\t\t\t\t\t\t<h2><a href=\"https:\/\/dpl.pt\/pt-pt\/gratin-dauphinois\/\">O Cl\u00e1ssico Gratin Dauphinois Franc\u00eas<\/a><\/h2>\r\n\t\t\t\t\t\t\t\t\t\t\r\n\t\t\t\t<\/div>\r\n\t\t\t\t\r\n\t\t\t\t\t\t\t\t<span class=\"date\">Novembro 1, 2020<\/span>\r\n\t\t\t\t\t\t\t\t\r\n\t\t\t<\/article>\r\n\t\t\t<\/li>\r\n\t\t\r\n\t\t\t\t\r\n\t\t<\/ul>\r\n\t\t\r\n\t\t\t\t\r\n\t\t\t\r\n\t<\/h1>\n<p>&nbsp;<\/p>\n<h1>\t\t\r\n\t\t\t\t\r\n\t\t\t\t<h4 class=\"index-heading\"><span>Pratos Principais<\/span>\r\n\t\t\t\t<a href=\"https:\/\/dpl.pt\/pt-pt\/categories\/pratos-principais\/\">View All <i class=\"fa fa-angle-double-right\"><\/i><\/a>\r\n\t\t\t\t<\/h4>\r\n\t\t\t\t\r\n\t\t\t\t\r\n\t\t\t\r\n\t\t\t<ul class=\"sp-grid col4\">\r\n\t\t\t\t\r\n\t\t\t\t\t\r\n\t\t\t<li>\r\n\t\t\t<article id=\"post-1731\" class=\"grid-item post-1731 post type-post status-publish format-standard has-post-thumbnail hentry category-pratos-principais\">\r\n\t\t\t\t\r\n\t\t\t\t\t\t\t\t<div class=\"post-img\">\r\n\t\t\t\t\t\t\t\t\t\t<a href=\"https:\/\/dpl.pt\/pt-pt\/lasanha-de-espinafre-kale\/\"><img loading=\"lazy\" decoding=\"async\" width=\"350\" height=\"460\" src=\"https:\/\/dpl.pt\/wp-content\/uploads\/2021\/05\/DSC_0125-350x460.jpg\" class=\"attachment-sprout_spoon_misc-thumb size-sprout_spoon_misc-thumb wp-post-image\" alt=\"\" \/><\/a>\r\n\t\t\t\t\t\t\t\t\t<\/div>\r\n\t\t\t\t\t\t\t\t\r\n\t\t\t\t<div class=\"post-header\">\r\n\t\t\t\t\t\r\n\t\t\t\t\t\t\t\t\t\t\r\n\t\t\t\t\t\t\t\t\t\t<h2><a href=\"https:\/\/dpl.pt\/pt-pt\/lasanha-de-espinafre-kale\/\">Lasanha de espinafre &#038; kale<\/a><\/h2>\r\n\t\t\t\t\t\t\t\t\t\t\r\n\t\t\t\t<\/div>\r\n\t\t\t\t\r\n\t\t\t\t\t\t\t\t<span class=\"date\">Maio 25, 2021<\/span>\r\n\t\t\t\t\t\t\t\t\r\n\t\t\t<\/article>\r\n\t\t\t<\/li>\r\n\t\t\r\n\t\t\t\t\t\r\n\t\t\t<li>\r\n\t\t\t<article id=\"post-1687\" class=\"grid-item post-1687 post type-post status-publish format-standard has-post-thumbnail hentry category-pratos-principais\">\r\n\t\t\t\t\r\n\t\t\t\t\t\t\t\t<div class=\"post-img\">\r\n\t\t\t\t\t\t\t\t\t\t<a href=\"https:\/\/dpl.pt\/pt-pt\/a-autentica-courgette-recheada\/\"><img loading=\"lazy\" decoding=\"async\" width=\"350\" height=\"460\" src=\"https:\/\/dpl.pt\/wp-content\/uploads\/2021\/04\/DSC_0750-350x460.jpg\" class=\"attachment-sprout_spoon_misc-thumb size-sprout_spoon_misc-thumb wp-post-image\" alt=\"\" \/><\/a>\r\n\t\t\t\t\t\t\t\t\t<\/div>\r\n\t\t\t\t\t\t\t\t\r\n\t\t\t\t<div class=\"post-header\">\r\n\t\t\t\t\t\r\n\t\t\t\t\t\t\t\t\t\t\r\n\t\t\t\t\t\t\t\t\t\t<h2><a href=\"https:\/\/dpl.pt\/pt-pt\/a-autentica-courgette-recheada\/\">A aut\u00eantica courgette recheada<\/a><\/h2>\r\n\t\t\t\t\t\t\t\t\t\t\r\n\t\t\t\t<\/div>\r\n\t\t\t\t\r\n\t\t\t\t\t\t\t\t<span class=\"date\">Abril 25, 2021<\/span>\r\n\t\t\t\t\t\t\t\t\r\n\t\t\t<\/article>\r\n\t\t\t<\/li>\r\n\t\t\r\n\t\t\t\t\t\r\n\t\t\t<li>\r\n\t\t\t<article id=\"post-1636\" class=\"grid-item post-1636 post type-post status-publish format-standard has-post-thumbnail hentry category-pratos-principais\">\r\n\t\t\t\t\r\n\t\t\t\t\t\t\t\t<div class=\"post-img\">\r\n\t\t\t\t\t\t\t\t\t\t<a href=\"https:\/\/dpl.pt\/pt-pt\/guisado-vegetariano-de-lentilhas\/\"><img loading=\"lazy\" decoding=\"async\" width=\"350\" height=\"460\" src=\"https:\/\/dpl.pt\/wp-content\/uploads\/2021\/04\/IMG_7816-350x460.jpg\" class=\"attachment-sprout_spoon_misc-thumb size-sprout_spoon_misc-thumb wp-post-image\" alt=\"\" \/><\/a>\r\n\t\t\t\t\t\t\t\t\t<\/div>\r\n\t\t\t\t\t\t\t\t\r\n\t\t\t\t<div class=\"post-header\">\r\n\t\t\t\t\t\r\n\t\t\t\t\t\t\t\t\t\t\r\n\t\t\t\t\t\t\t\t\t\t<h2><a href=\"https:\/\/dpl.pt\/pt-pt\/guisado-vegetariano-de-lentilhas\/\">Guisado vegetariano de lentilhas<\/a><\/h2>\r\n\t\t\t\t\t\t\t\t\t\t\r\n\t\t\t\t<\/div>\r\n\t\t\t\t\r\n\t\t\t\t\t\t\t\t<span class=\"date\">Abril 8, 2021<\/span>\r\n\t\t\t\t\t\t\t\t\r\n\t\t\t<\/article>\r\n\t\t\t<\/li>\r\n\t\t\r\n\t\t\t\t\t\r\n\t\t\t<li>\r\n\t\t\t<article id=\"post-1596\" class=\"grid-item post-1596 post type-post status-publish format-standard has-post-thumbnail hentry category-pratos-principais\">\r\n\t\t\t\t\r\n\t\t\t\t\t\t\t\t<div class=\"post-img\">\r\n\t\t\t\t\t\t\t\t\t\t<a href=\"https:\/\/dpl.pt\/pt-pt\/massa-de-conchas\/\"><img loading=\"lazy\" decoding=\"async\" width=\"350\" height=\"460\" src=\"https:\/\/dpl.pt\/wp-content\/uploads\/2021\/03\/DSC_0718-2-350x460.jpg\" class=\"attachment-sprout_spoon_misc-thumb size-sprout_spoon_misc-thumb wp-post-image\" alt=\"\" \/><\/a>\r\n\t\t\t\t\t\t\t\t\t<\/div>\r\n\t\t\t\t\t\t\t\t\r\n\t\t\t\t<div class=\"post-header\">\r\n\t\t\t\t\t\r\n\t\t\t\t\t\t\t\t\t\t\r\n\t\t\t\t\t\t\t\t\t\t<h2><a href=\"https:\/\/dpl.pt\/pt-pt\/massa-de-conchas\/\">Massa de conchas<\/a><\/h2>\r\n\t\t\t\t\t\t\t\t\t\t\r\n\t\t\t\t<\/div>\r\n\t\t\t\t\r\n\t\t\t\t\t\t\t\t<span class=\"date\">Mar\u00e7o 10, 2021<\/span>\r\n\t\t\t\t\t\t\t\t\r\n\t\t\t<\/article>\r\n\t\t\t<\/li>\r\n\t\t\r\n\t\t\t\t\r\n\t\t<\/ul>\r\n\t\t\r\n\t\t\t\t\r\n\t\t\t\r\n\t<\/h1>\n<p>&nbsp;<\/p>\n<h1>\t\t\r\n\t\t\t\t\r\n\t\t\t\t<h4 class=\"index-heading\"><span>Bolos<\/span>\r\n\t\t\t\t<a href=\"https:\/\/dpl.pt\/pt-pt\/categories\/bolos\/\">View All <i class=\"fa fa-angle-double-right\"><\/i><\/a>\r\n\t\t\t\t<\/h4>\r\n\t\t\t\t\r\n\t\t\t\t\r\n\t\t\t\r\n\t\t\t<ul class=\"sp-grid col4\">\r\n\t\t\t\t\r\n\t\t\t\t\t\r\n\t\t\t<li>\r\n\t\t\t<article id=\"post-1698\" class=\"grid-item post-1698 post type-post status-publish format-standard has-post-thumbnail hentry category-bolos\">\r\n\t\t\t\t\r\n\t\t\t\t\t\t\t\t<div class=\"post-img\">\r\n\t\t\t\t\t\t\t\t\t\t<a href=\"https:\/\/dpl.pt\/pt-pt\/bolo-de-banana-com-rodelas-de-banana\/\"><img loading=\"lazy\" decoding=\"async\" width=\"350\" height=\"460\" src=\"https:\/\/dpl.pt\/wp-content\/uploads\/2021\/05\/DSC_0033-350x460.jpg\" class=\"attachment-sprout_spoon_misc-thumb size-sprout_spoon_misc-thumb wp-post-image\" alt=\"\" \/><\/a>\r\n\t\t\t\t\t\t\t\t\t<\/div>\r\n\t\t\t\t\t\t\t\t\r\n\t\t\t\t<div class=\"post-header\">\r\n\t\t\t\t\t\r\n\t\t\t\t\t\t\t\t\t\t\r\n\t\t\t\t\t\t\t\t\t\t<h2><a href=\"https:\/\/dpl.pt\/pt-pt\/bolo-de-banana-com-rodelas-de-banana\/\">Bolo de banana com rodelas de banana<\/a><\/h2>\r\n\t\t\t\t\t\t\t\t\t\t\r\n\t\t\t\t<\/div>\r\n\t\t\t\t\r\n\t\t\t\t\t\t\t\t<span class=\"date\">Maio 5, 2021<\/span>\r\n\t\t\t\t\t\t\t\t\r\n\t\t\t<\/article>\r\n\t\t\t<\/li>\r\n\t\t\r\n\t\t\t\t\t\r\n\t\t\t<li>\r\n\t\t\t<article id=\"post-959\" class=\"grid-item post-959 post type-post status-publish format-gallery has-post-thumbnail hentry category-bolos post_format-post-format-gallery\">\r\n\t\t\t\t\r\n\t\t\t\t\t\t\t\t<div class=\"post-img\">\r\n\t\t\t\t\t\t\t\t\t\t<a href=\"https:\/\/dpl.pt\/pt-pt\/bundt-de-limao-com-infusao-de-perolas-de-jasmim\/\"><img loading=\"lazy\" decoding=\"async\" width=\"350\" height=\"460\" src=\"https:\/\/dpl.pt\/wp-content\/uploads\/2020\/10\/DSC_0694-350x460.jpg\" class=\"attachment-sprout_spoon_misc-thumb size-sprout_spoon_misc-thumb wp-post-image\" alt=\"\" \/><\/a>\r\n\t\t\t\t\t\t\t\t\t<\/div>\r\n\t\t\t\t\t\t\t\t\r\n\t\t\t\t<div class=\"post-header\">\r\n\t\t\t\t\t\r\n\t\t\t\t\t\t\t\t\t\t\r\n\t\t\t\t\t\t\t\t\t\t<h2><a href=\"https:\/\/dpl.pt\/pt-pt\/bundt-de-limao-com-infusao-de-perolas-de-jasmim\/\">Bundt de lim\u00e3o com infus\u00e3o de p\u00e9rolas de jasmim<\/a><\/h2>\r\n\t\t\t\t\t\t\t\t\t\t\r\n\t\t\t\t<\/div>\r\n\t\t\t\t\r\n\t\t\t\t\t\t\t\t<span class=\"date\">Outubro 17, 2020<\/span>\r\n\t\t\t\t\t\t\t\t\r\n\t\t\t<\/article>\r\n\t\t\t<\/li>\r\n\t\t\r\n\t\t\t\t\r\n\t\t<\/ul>\r\n\t\t\r\n\t\t\t\t\r\n\t\t\t\r\n\t<\/h1>\n<p>&nbsp;<\/p>\n<h1>\t\t\r\n\t\t\t\t\r\n\t\t\t\t<h4 class=\"index-heading\"><span>Sobremesas<\/span>\r\n\t\t\t\t<a href=\"https:\/\/dpl.pt\/pt-pt\/categories\/sobremesas\/\">View All <i class=\"fa fa-angle-double-right\"><\/i><\/a>\r\n\t\t\t\t<\/h4>\r\n\t\t\t\t\r\n\t\t\t\t\r\n\t\t\t\r\n\t\t\t<ul class=\"sp-grid col4\">\r\n\t\t\t\t\r\n\t\t\t\t\t\r\n\t\t\t<li>\r\n\t\t\t<article id=\"post-1662\" class=\"grid-item post-1662 post type-post status-publish format-standard has-post-thumbnail hentry category-sobremesas\">\r\n\t\t\t\t\r\n\t\t\t\t\t\t\t\t<div class=\"post-img\">\r\n\t\t\t\t\t\t\t\t\t\t<a href=\"https:\/\/dpl.pt\/pt-pt\/panna-cotta-com-coulis-de-frutos-vermelhos\/\"><img loading=\"lazy\" decoding=\"async\" width=\"350\" height=\"460\" src=\"https:\/\/dpl.pt\/wp-content\/uploads\/2021\/04\/C62471C7-BD38-4FF3-B2F1-ADEEE1C9A39B-350x460.jpeg\" class=\"attachment-sprout_spoon_misc-thumb size-sprout_spoon_misc-thumb wp-post-image\" alt=\"\" \/><\/a>\r\n\t\t\t\t\t\t\t\t\t<\/div>\r\n\t\t\t\t\t\t\t\t\r\n\t\t\t\t<div class=\"post-header\">\r\n\t\t\t\t\t\r\n\t\t\t\t\t\t\t\t\t\t\r\n\t\t\t\t\t\t\t\t\t\t<h2><a href=\"https:\/\/dpl.pt\/pt-pt\/panna-cotta-com-coulis-de-frutos-vermelhos\/\">Panna Cotta com coulis de frutos vermelhos<\/a><\/h2>\r\n\t\t\t\t\t\t\t\t\t\t\r\n\t\t\t\t<\/div>\r\n\t\t\t\t\r\n\t\t\t\t\t\t\t\t<span class=\"date\">Abril 18, 2021<\/span>\r\n\t\t\t\t\t\t\t\t\r\n\t\t\t<\/article>\r\n\t\t\t<\/li>\r\n\t\t\r\n\t\t\t\t\t\r\n\t\t\t<li>\r\n\t\t\t<article id=\"post-1213\" class=\"grid-item post-1213 post type-post status-publish format-standard has-post-thumbnail hentry category-sobremesas\">\r\n\t\t\t\t\r\n\t\t\t\t\t\t\t\t<div class=\"post-img\">\r\n\t\t\t\t\t\t\t\t\t\t<a href=\"https:\/\/dpl.pt\/pt-pt\/tarte-de-maca\/\"><img loading=\"lazy\" decoding=\"async\" width=\"350\" height=\"460\" src=\"https:\/\/dpl.pt\/wp-content\/uploads\/2020\/11\/DSC_0882-350x460.jpg\" class=\"attachment-sprout_spoon_misc-thumb size-sprout_spoon_misc-thumb wp-post-image\" alt=\"\" \/><\/a>\r\n\t\t\t\t\t\t\t\t\t<\/div>\r\n\t\t\t\t\t\t\t\t\r\n\t\t\t\t<div class=\"post-header\">\r\n\t\t\t\t\t\r\n\t\t\t\t\t\t\t\t\t\t\r\n\t\t\t\t\t\t\t\t\t\t<h2><a href=\"https:\/\/dpl.pt\/pt-pt\/tarte-de-maca\/\">Tarte de ma\u00e7\u00e3<\/a><\/h2>\r\n\t\t\t\t\t\t\t\t\t\t\r\n\t\t\t\t<\/div>\r\n\t\t\t\t\r\n\t\t\t\t\t\t\t\t<span class=\"date\">Novembro 7, 2020<\/span>\r\n\t\t\t\t\t\t\t\t\r\n\t\t\t<\/article>\r\n\t\t\t<\/li>\r\n\t\t\r\n\t\t\t\t\t\r\n\t\t\t<li>\r\n\t\t\t<article id=\"post-1211\" class=\"grid-item post-1211 post type-post status-publish format-standard has-post-thumbnail hentry category-sobremesas\">\r\n\t\t\t\t\r\n\t\t\t\t\t\t\t\t<div class=\"post-img\">\r\n\t\t\t\t\t\t\t\t\t\t<a href=\"https:\/\/dpl.pt\/pt-pt\/crepes-classicas\/\"><img loading=\"lazy\" decoding=\"async\" width=\"350\" height=\"460\" src=\"https:\/\/dpl.pt\/wp-content\/uploads\/2020\/10\/87F688BE-A553-47C0-845D-89EA022D0BF5-350x460.jpeg\" class=\"attachment-sprout_spoon_misc-thumb size-sprout_spoon_misc-thumb wp-post-image\" alt=\"\" \/><\/a>\r\n\t\t\t\t\t\t\t\t\t<\/div>\r\n\t\t\t\t\t\t\t\t\r\n\t\t\t\t<div class=\"post-header\">\r\n\t\t\t\t\t\r\n\t\t\t\t\t\t\t\t\t\t\r\n\t\t\t\t\t\t\t\t\t\t<h2><a href=\"https:\/\/dpl.pt\/pt-pt\/crepes-classicas\/\">Crepes cl\u00e1ssicas<\/a><\/h2>\r\n\t\t\t\t\t\t\t\t\t\t\r\n\t\t\t\t<\/div>\r\n\t\t\t\t\r\n\t\t\t\t\t\t\t\t<span class=\"date\">Novembro 2, 2020<\/span>\r\n\t\t\t\t\t\t\t\t\r\n\t\t\t<\/article>\r\n\t\t\t<\/li>\r\n\t\t\r\n\t\t\t\t\t\r\n\t\t\t<li>\r\n\t\t\t<article id=\"post-1089\" class=\"grid-item post-1089 post type-post status-publish format-standard has-post-thumbnail hentry category-sobremesas\">\r\n\t\t\t\t\r\n\t\t\t\t\t\t\t\t<div class=\"post-img\">\r\n\t\t\t\t\t\t\t\t\t\t<a href=\"https:\/\/dpl.pt\/pt-pt\/eclairs\/\"><img loading=\"lazy\" decoding=\"async\" width=\"350\" height=\"460\" src=\"https:\/\/dpl.pt\/wp-content\/uploads\/2020\/10\/DSC_0629-1-350x460.jpg\" class=\"attachment-sprout_spoon_misc-thumb size-sprout_spoon_misc-thumb wp-post-image\" alt=\"\" \/><\/a>\r\n\t\t\t\t\t\t\t\t\t<\/div>\r\n\t\t\t\t\t\t\t\t\r\n\t\t\t\t<div class=\"post-header\">\r\n\t\t\t\t\t\r\n\t\t\t\t\t\t\t\t\t\t\r\n\t\t\t\t\t\t\t\t\t\t<h2><a href=\"https:\/\/dpl.pt\/pt-pt\/eclairs\/\">\u00c9clairs<\/a><\/h2>\r\n\t\t\t\t\t\t\t\t\t\t\r\n\t\t\t\t<\/div>\r\n\t\t\t\t\r\n\t\t\t\t\t\t\t\t<span class=\"date\">Outubro 27, 2020<\/span>\r\n\t\t\t\t\t\t\t\t\r\n\t\t\t<\/article>\r\n\t\t\t<\/li>\r\n\t\t\r\n\t\t\t\t\r\n\t\t<\/ul>\r\n\t\t\r\n\t\t\t\t\r\n\t\t\t\r\n\t<\/h1>\n<h1><\/h1>\n<p>&nbsp;<\/p>\n<p>&nbsp;<\/p>\n","protected":false},"excerpt":{"rendered":"<p>&nbsp; &nbsp; &nbsp; &nbsp; &nbsp;<\/p>\n","protected":false},"author":1,"featured_media":0,"parent":0,"menu_order":0,"comment_status":"closed","ping_status":"closed","template":"","meta":{"inline_featured_image":false,"footnotes":""},"class_list":["post-120","page","type-page","status-publish","hentry"],"_links":{"self":[{"href":"https:\/\/dpl.pt\/pt-pt\/wp-json\/wp\/v2\/pages\/120","targetHints":{"allow":["GET"]}}],"collection":[{"href":"https:\/\/dpl.pt\/pt-pt\/wp-json\/wp\/v2\/pages"}],"about":[{"href":"https:\/\/dpl.pt\/pt-pt\/wp-json\/wp\/v2\/types\/page"}],"author":[{"embeddable":true,"href":"https:\/\/dpl.pt\/pt-pt\/wp-json\/wp\/v2\/users\/1"}],"replies":[{"embeddable":true,"href":"https:\/\/dpl.pt\/pt-pt\/wp-json\/wp\/v2\/comments?post=120"}],"version-history":[{"count":16,"href":"https:\/\/dpl.pt\/pt-pt\/wp-json\/wp\/v2\/pages\/120\/revisions"}],"predecessor-version":[{"id":1521,"href":"https:\/\/dpl.pt\/pt-pt\/wp-json\/wp\/v2\/pages\/120\/revisions\/1521"}],"wp:attachment":[{"href":"https:\/\/dpl.pt\/pt-pt\/wp-json\/wp\/v2\/media?parent=120"}],"curies":[{"name":"wp","href":"https:\/\/api.w.org\/{rel}","templated":true}]}}