{"id":229,"date":"2016-03-30T21:44:29","date_gmt":"2016-03-30T21:44:29","guid":{"rendered":"http:\/\/solopine.com\/sproutspoon\/?page_id=15"},"modified":"2021-03-05T11:32:11","modified_gmt":"2021-03-05T11:32:11","slug":"about-me","status":"publish","type":"page","link":"https:\/\/dpl.pt\/pt-pt\/about-me\/","title":{"rendered":"Sobre mim"},"content":{"rendered":"<p>&nbsp;<\/p>\r\n<p data-wp-editing=\"1\"><img loading=\"lazy\" decoding=\"async\" class=\"size-full wp-image-1502 aligncenter\" src=\"https:\/\/didithemomchef.com\/wp-content\/uploads\/2021\/02\/lifetime-bond.png\" alt=\"\" width=\"964\" height=\"657\" srcset=\"https:\/\/dpl.pt\/wp-content\/uploads\/2021\/02\/lifetime-bond.png 964w, https:\/\/dpl.pt\/wp-content\/uploads\/2021\/02\/lifetime-bond-300x204.png 300w, https:\/\/dpl.pt\/wp-content\/uploads\/2021\/02\/lifetime-bond-768x523.png 768w\" sizes=\"auto, (max-width: 964px) 100vw, 964px\" \/><\/p>\r\n<p data-wp-editing=\"1\">\u00a0<\/p>\r\n<p data-wp-editing=\"1\">Ol\u00e1! Sou a Diana e aqui vai uma curta descri\u00e7\u00e3o sobre mim; sou de origem Portuguesa mas, nasci e cresci na R\u00e9publica Democr\u00e1tica do Congo. Sou casada e tenho tr\u00eas filhos lindos: o Luca, o Noah e a Lena.\u00a0<\/p>\r\n<p>O casamento e o facto de ter tido filhos, refor\u00e7aram a minha paix\u00e3o pela cozinha que agora \u00e9 o espa\u00e7o onde passo a maior parte do tempo a explorar um pouco de tudo. Para mim, o amor \u00e9 o ingrediente principal e torna tudo muito mais saboroso e os meus filhos sabem disso! Cozinhar para mim, \u00e9 uma explora\u00e7\u00e3o de sabores, uma matem\u00e1tica de quantidades, uma fus\u00e3o de qu\u00edmica e o fato \u00e9 que tenho dias de sol e de chuva no meu espa\u00e7o mas, faz parte da aprendizagem!<\/p>\r\n<p id=\"tw-target-text\" class=\"tw-data-text tw-text-large XcVN5d tw-ta\" dir=\"ltr\" data-placeholder=\"Tradu\u00e7\u00e3o\"><span lang=\"pt\">A minha paix\u00e3o pela cozinha, come\u00e7ou com o meu marido em 2010 e que sempre amou a minha comida, ensinou-me a ganhar confian\u00e7a nas minhas aptid\u00f5es culin\u00e1rias e \u00e9 a pessoa que me conhece melhor! Quando olho para tr\u00e1s, vejo um longo caminho desde onde vim mas, hoje estou orgulhosa com o progresso e n\u00e3o poderia estar mais grata por t\u00ea-lo como marido, companheiro e amigo! Os nossos tr\u00eas ratinhos s\u00e3o os melhores j\u00faris e ajudantes!<\/span><\/p>\r\n<p>Durante a minha inf\u00e2ncia a minha irm\u00e3 mais velha, a Nicoleta, dava-me tarefas na cozinha e ensinava-me t\u00e9cnicas b\u00e1sicas; como fazer chantilly, como bater os ovos, etc,&#8230; ela fazia essas sobremesas que s\u00f3 de ver, encantavam qualquer pessoa! O Dom?! H\u00e1 quem diga que tenho aos m\u00e3os da minha querida M\u00e3e na cozinha! Sempre que mostro ou publico uma fotografia da comida que preparei recebo sempre elogios pelos meus irm\u00e3os, T\u00e2nia e David. Tenho muita sorte em ter o apoio da fam\u00edlia e dos amigos!<\/p>\r\n<h4><em><strong>Curiosos por saber como surgiu Didi the Mom Chef?<\/strong><\/em><\/h4>\r\n<p><strong>Didi The Mom Chef<\/strong>, nasceu durante a quarentena. Um projeto criado pela minha cunhada Loubna que, desfrutou da minha cozinha e incentivou-me a criar algo afim de poder partilhar com a fam\u00edlia, amigos, pais e com o resto do Mundo. Ent\u00e3o, aqui estou eu!<\/p>\r\n<p>Espero poder vir a ser uma inspira\u00e7\u00e3o e fazer algumas barrigas felizes!<\/p>\r\n<p>Beijinhos crocantes para todos!\u00a0<\/p>\r\n<p>Diana Du-Pont Lu\u00eds<\/p>\r\n<p>\ud83d\udc9b<\/p>\r\n\r\n<p>&nbsp;<\/p>\r\n","protected":false},"excerpt":{"rendered":"<p>&nbsp; \u00a0 Ol\u00e1! Sou a Diana e aqui vai uma curta descri\u00e7\u00e3o sobre mim; sou de origem Portuguesa mas, nasci e cresci na R\u00e9publica Democr\u00e1tica do Congo. Sou casada e tenho tr\u00eas filhos lindos: o Luca, o Noah e a Lena.\u00a0 O casamento e o facto de ter tido filhos, refor\u00e7aram a minha paix\u00e3o pela cozinha que agora \u00e9 o espa\u00e7o onde passo a maior parte do tempo a explorar um pouco de tudo. Para mim, o amor \u00e9 o ingrediente principal e torna tudo muito mais saboroso e os meus filhos sabem disso! Cozinhar para mim, \u00e9 uma explora\u00e7\u00e3o de sabores, uma matem\u00e1tica de quantidades, uma fus\u00e3o de qu\u00edmica e o fato \u00e9 que tenho dias de sol e de chuva no meu espa\u00e7o mas, faz parte da aprendizagem! A minha paix\u00e3o pela cozinha, come\u00e7ou com o meu marido em 2010 e que sempre amou a minha comida, ensinou-me a ganhar confian\u00e7a nas minhas aptid\u00f5es culin\u00e1rias e \u00e9 a pessoa que me conhece melhor! Quando olho para tr\u00e1s, vejo um longo caminho desde onde vim mas, hoje estou orgulhosa com o progresso e n\u00e3o poderia estar mais grata por t\u00ea-lo como marido, companheiro e amigo! Os nossos tr\u00eas ratinhos [&hellip;]<\/p>\n","protected":false},"author":1,"featured_media":0,"parent":0,"menu_order":0,"comment_status":"closed","ping_status":"closed","template":"","meta":{"inline_featured_image":false,"footnotes":""},"class_list":["post-229","page","type-page","status-publish","hentry"],"_links":{"self":[{"href":"https:\/\/dpl.pt\/pt-pt\/wp-json\/wp\/v2\/pages\/229","targetHints":{"allow":["GET"]}}],"collection":[{"href":"https:\/\/dpl.pt\/pt-pt\/wp-json\/wp\/v2\/pages"}],"about":[{"href":"https:\/\/dpl.pt\/pt-pt\/wp-json\/wp\/v2\/types\/page"}],"author":[{"embeddable":true,"href":"https:\/\/dpl.pt\/pt-pt\/wp-json\/wp\/v2\/users\/1"}],"replies":[{"embeddable":true,"href":"https:\/\/dpl.pt\/pt-pt\/wp-json\/wp\/v2\/comments?post=229"}],"version-history":[{"count":31,"href":"https:\/\/dpl.pt\/pt-pt\/wp-json\/wp\/v2\/pages\/229\/revisions"}],"predecessor-version":[{"id":1584,"href":"https:\/\/dpl.pt\/pt-pt\/wp-json\/wp\/v2\/pages\/229\/revisions\/1584"}],"wp:attachment":[{"href":"https:\/\/dpl.pt\/pt-pt\/wp-json\/wp\/v2\/media?parent=229"}],"curies":[{"name":"wp","href":"https:\/\/api.w.org\/{rel}","templated":true}]}}